{"id":1037,"date":"2025-02-05T07:52:01","date_gmt":"2025-02-05T10:52:01","guid":{"rendered":"https:\/\/pracasunidos.com.br\/novosite\/?page_id=1037"},"modified":"2025-02-06T21:45:41","modified_gmt":"2025-02-07T00:45:41","slug":"seguro","status":"publish","type":"page","link":"https:\/\/pracasunidos.com.br\/novosite\/seguro\/","title":{"rendered":"Seguro"},"content":{"rendered":"\t\t<div data-elementor-type=\"wp-page\" data-elementor-id=\"1037\" class=\"elementor elementor-1037\">\n\t\t\t\t\t\t<section class=\"elementor-section elementor-top-section elementor-element elementor-element-e6e873c elementor-section-full_width elementor-section-height-default elementor-section-height-default\" data-id=\"e6e873c\" data-element_type=\"section\">\n\t\t\t\t\t\t<div class=\"elementor-container elementor-column-gap-default\">\n\t\t\t\t\t<div class=\"elementor-column elementor-col-50 elementor-top-column elementor-element elementor-element-c8968c1\" data-id=\"c8968c1\" data-element_type=\"column\">\n\t\t\t<div class=\"elementor-widget-wrap elementor-element-populated\">\n\t\t\t\t\t\t<div class=\"elementor-element elementor-element-52c8492 elementor-widget__width-initial elementor-widget elementor-widget-image\" data-id=\"52c8492\" data-element_type=\"widget\" data-widget_type=\"image.default\">\n\t\t\t\t<div class=\"elementor-widget-container\">\n\t\t\t\t\t\t\t\t\t\t\t\t\t\t\t<img decoding=\"async\" width=\"209\" height=\"228\" src=\"https:\/\/pracasunidos.com.br\/novosite\/wp-content\/uploads\/2023\/06\/LogotipoAssociacaoPracas-1.png\" class=\"attachment-large size-large wp-image-731\" alt=\"\" \/>\t\t\t\t\t\t\t\t\t\t\t\t\t\t\t<\/div>\n\t\t\t\t<\/div>\n\t\t\t\t\t<\/div>\n\t\t<\/div>\n\t\t\t\t<div class=\"elementor-column elementor-col-50 elementor-top-column elementor-element elementor-element-d1473b0\" data-id=\"d1473b0\" data-element_type=\"column\">\n\t\t\t<div class=\"elementor-widget-wrap elementor-element-populated\">\n\t\t\t\t\t\t<div class=\"elementor-element elementor-element-5ede6fa elementor-nav-menu__align-right elementor-widget__width-initial elementor-nav-menu--dropdown-tablet elementor-nav-menu__text-align-aside elementor-nav-menu--toggle elementor-nav-menu--burger elementor-widget elementor-widget-nav-menu\" data-id=\"5ede6fa\" data-element_type=\"widget\" data-settings=\"{&quot;layout&quot;:&quot;horizontal&quot;,&quot;submenu_icon&quot;:{&quot;value&quot;:&quot;&lt;i class=\\&quot;fas fa-caret-down\\&quot;&gt;&lt;\\\/i&gt;&quot;,&quot;library&quot;:&quot;fa-solid&quot;},&quot;toggle&quot;:&quot;burger&quot;}\" data-widget_type=\"nav-menu.default\">\n\t\t\t\t<div class=\"elementor-widget-container\">\n\t\t\t\t\t\t\t\t<nav class=\"elementor-nav-menu--main elementor-nav-menu__container elementor-nav-menu--layout-horizontal e--pointer-none\">\n\t\t\t\t<ul id=\"menu-1-5ede6fa\" class=\"elementor-nav-menu\"><li class=\"menu-item menu-item-type-custom menu-item-object-custom menu-item-home menu-item-804\"><a href=\"https:\/\/pracasunidos.com.br\/novosite\" class=\"elementor-item\">In\u00edcio<\/a><\/li>\n<li class=\"menu-item menu-item-type-custom menu-item-object-custom menu-item-home menu-item-805\"><a href=\"https:\/\/pracasunidos.com.br\/novosite\/#sobre\" class=\"elementor-item elementor-item-anchor\">Sobre<\/a><\/li>\n<li class=\"menu-item menu-item-type-custom menu-item-object-custom menu-item-has-children menu-item-1018\"><a href=\"#\" class=\"elementor-item elementor-item-anchor\">Conv\u00eanios<\/a>\n<ul class=\"sub-menu elementor-nav-menu--dropdown\">\n\t<li class=\"menu-item menu-item-type-custom menu-item-object-custom menu-item-1020\"><a href=\"https:\/\/pracasunidos.com.br\/novosite\/seguro\/\" class=\"elementor-sub-item\">Seguro Veicular<\/a><\/li>\n\t<li class=\"menu-item menu-item-type-custom menu-item-object-custom menu-item-1069\"><a href=\"https:\/\/pracasunidos.com.br\/novosite\/seguro\/\" class=\"elementor-sub-item\">Consultoria Financeira<\/a><\/li>\n<\/ul>\n<\/li>\n<li class=\"menu-item menu-item-type-custom menu-item-object-custom menu-item-home menu-item-806\"><a href=\"https:\/\/pracasunidos.com.br\/novosite\/#mensalidade\" class=\"elementor-item elementor-item-anchor\">Mensalidade<\/a><\/li>\n<li class=\"menu-item menu-item-type-custom menu-item-object-custom menu-item-home menu-item-807\"><a href=\"https:\/\/pracasunidos.com.br\/novosite\/#mesa\" class=\"elementor-item elementor-item-anchor\">Mesa<\/a><\/li>\n<li class=\"menu-item menu-item-type-custom menu-item-object-custom menu-item-home menu-item-808\"><a href=\"https:\/\/pracasunidos.com.br\/novosite\/#faq\" class=\"elementor-item elementor-item-anchor\">FAQ<\/a><\/li>\n<li class=\"menu-item menu-item-type-custom menu-item-object-custom menu-item-home menu-item-809\"><a href=\"https:\/\/pracasunidos.com.br\/novosite\/#contato\" class=\"elementor-item elementor-item-anchor\">Contato<\/a><\/li>\n<\/ul>\t\t\t<\/nav>\n\t\t\t\t\t<div class=\"elementor-menu-toggle\" role=\"button\" tabindex=\"0\" aria-label=\"Menu Toggle\" aria-expanded=\"false\">\n\t\t\t<i aria-hidden=\"true\" role=\"presentation\" class=\"elementor-menu-toggle__icon--open eicon-menu-bar\"><\/i><i aria-hidden=\"true\" role=\"presentation\" class=\"elementor-menu-toggle__icon--close eicon-close\"><\/i>\t\t\t<span class=\"elementor-screen-only\">Menu<\/span>\n\t\t<\/div>\n\t\t\t\t\t<nav class=\"elementor-nav-menu--dropdown elementor-nav-menu__container\" aria-hidden=\"true\">\n\t\t\t\t<ul id=\"menu-2-5ede6fa\" class=\"elementor-nav-menu\"><li class=\"menu-item menu-item-type-custom menu-item-object-custom menu-item-home menu-item-804\"><a href=\"https:\/\/pracasunidos.com.br\/novosite\" class=\"elementor-item\" tabindex=\"-1\">In\u00edcio<\/a><\/li>\n<li class=\"menu-item menu-item-type-custom menu-item-object-custom menu-item-home menu-item-805\"><a href=\"https:\/\/pracasunidos.com.br\/novosite\/#sobre\" class=\"elementor-item elementor-item-anchor\" tabindex=\"-1\">Sobre<\/a><\/li>\n<li class=\"menu-item menu-item-type-custom menu-item-object-custom menu-item-has-children menu-item-1018\"><a href=\"#\" class=\"elementor-item elementor-item-anchor\" tabindex=\"-1\">Conv\u00eanios<\/a>\n<ul class=\"sub-menu elementor-nav-menu--dropdown\">\n\t<li class=\"menu-item menu-item-type-custom menu-item-object-custom menu-item-1020\"><a href=\"https:\/\/pracasunidos.com.br\/novosite\/seguro\/\" class=\"elementor-sub-item\" tabindex=\"-1\">Seguro Veicular<\/a><\/li>\n\t<li class=\"menu-item menu-item-type-custom menu-item-object-custom menu-item-1069\"><a href=\"https:\/\/pracasunidos.com.br\/novosite\/seguro\/\" class=\"elementor-sub-item\" tabindex=\"-1\">Consultoria Financeira<\/a><\/li>\n<\/ul>\n<\/li>\n<li class=\"menu-item menu-item-type-custom menu-item-object-custom menu-item-home menu-item-806\"><a href=\"https:\/\/pracasunidos.com.br\/novosite\/#mensalidade\" class=\"elementor-item elementor-item-anchor\" tabindex=\"-1\">Mensalidade<\/a><\/li>\n<li class=\"menu-item menu-item-type-custom menu-item-object-custom menu-item-home menu-item-807\"><a href=\"https:\/\/pracasunidos.com.br\/novosite\/#mesa\" class=\"elementor-item elementor-item-anchor\" tabindex=\"-1\">Mesa<\/a><\/li>\n<li class=\"menu-item menu-item-type-custom menu-item-object-custom menu-item-home menu-item-808\"><a href=\"https:\/\/pracasunidos.com.br\/novosite\/#faq\" class=\"elementor-item elementor-item-anchor\" tabindex=\"-1\">FAQ<\/a><\/li>\n<li class=\"menu-item menu-item-type-custom menu-item-object-custom menu-item-home menu-item-809\"><a href=\"https:\/\/pracasunidos.com.br\/novosite\/#contato\" class=\"elementor-item elementor-item-anchor\" tabindex=\"-1\">Contato<\/a><\/li>\n<\/ul>\t\t\t<\/nav>\n\t\t\t\t\t\t<\/div>\n\t\t\t\t<\/div>\n\t\t\t\t\t<\/div>\n\t\t<\/div>\n\t\t\t\t\t<\/div>\n\t\t<\/section>\n\t\t\t\t<section class=\"elementor-section elementor-top-section elementor-element elementor-element-3b17518 elementor-section-boxed elementor-section-height-default elementor-section-height-default\" data-id=\"3b17518\" data-element_type=\"section\">\n\t\t\t\t\t\t<div class=\"elementor-container elementor-column-gap-default\">\n\t\t\t\t\t<div class=\"elementor-column elementor-col-100 elementor-top-column elementor-element elementor-element-526309d\" data-id=\"526309d\" data-element_type=\"column\">\n\t\t\t<div class=\"elementor-widget-wrap elementor-element-populated\">\n\t\t\t\t\t\t<div class=\"elementor-element elementor-element-540667d elementor-widget elementor-widget-spacer\" data-id=\"540667d\" data-element_type=\"widget\" data-widget_type=\"spacer.default\">\n\t\t\t\t<div class=\"elementor-widget-container\">\n\t\t\t\t\t\t\t<div class=\"elementor-spacer\">\n\t\t\t<div class=\"elementor-spacer-inner\"><\/div>\n\t\t<\/div>\n\t\t\t\t\t\t<\/div>\n\t\t\t\t<\/div>\n\t\t\t\t\t<\/div>\n\t\t<\/div>\n\t\t\t\t\t<\/div>\n\t\t<\/section>\n\t\t\t\t<section class=\"elementor-section elementor-top-section elementor-element elementor-element-c98e61a elementor-section-boxed elementor-section-height-default elementor-section-height-default\" data-id=\"c98e61a\" data-element_type=\"section\">\n\t\t\t\t\t\t<div class=\"elementor-container elementor-column-gap-default\">\n\t\t\t\t\t<div class=\"elementor-column elementor-col-100 elementor-top-column elementor-element elementor-element-f0f8db4\" data-id=\"f0f8db4\" data-element_type=\"column\">\n\t\t\t<div class=\"elementor-widget-wrap elementor-element-populated\">\n\t\t\t\t\t\t<div class=\"elementor-element elementor-element-48584ab elementor-invisible elementor-widget elementor-widget-envo-extra-heading\" data-id=\"48584ab\" data-element_type=\"widget\" data-settings=\"{&quot;_animation&quot;:&quot;fadeIn&quot;,&quot;_animation_delay&quot;:100}\" data-widget_type=\"envo-extra-heading.default\">\n\t\t\t\t<div class=\"elementor-widget-container\">\n\t\t\t\t\t\r\n\t\t<div class=\"envo-extra-heading-wrapper envo-extra-simple-heading-wrapper\">\r\n\t\t\t<h2 class=\"envo-extra-heading-title\">PARCERIA <\/h2>\t\t<\/div>\r\n\t\t\t\t\t\t<\/div>\n\t\t\t\t<\/div>\n\t\t\t\t\t<\/div>\n\t\t<\/div>\n\t\t\t\t\t<\/div>\n\t\t<\/section>\n\t\t\t\t<section class=\"elementor-section elementor-top-section elementor-element elementor-element-6a10a27 elementor-section-boxed elementor-section-height-default elementor-section-height-default\" data-id=\"6a10a27\" data-element_type=\"section\">\n\t\t\t\t\t\t<div class=\"elementor-container elementor-column-gap-default\">\n\t\t\t\t\t<div class=\"elementor-column elementor-col-100 elementor-top-column elementor-element elementor-element-86f496b\" data-id=\"86f496b\" data-element_type=\"column\">\n\t\t\t<div class=\"elementor-widget-wrap elementor-element-populated\">\n\t\t\t\t\t\t<div class=\"elementor-element elementor-element-7a47db2 elementor-widget elementor-widget-spacer\" data-id=\"7a47db2\" data-element_type=\"widget\" data-widget_type=\"spacer.default\">\n\t\t\t\t<div class=\"elementor-widget-container\">\n\t\t\t\t\t\t\t<div class=\"elementor-spacer\">\n\t\t\t<div class=\"elementor-spacer-inner\"><\/div>\n\t\t<\/div>\n\t\t\t\t\t\t<\/div>\n\t\t\t\t<\/div>\n\t\t\t\t\t<\/div>\n\t\t<\/div>\n\t\t\t\t\t<\/div>\n\t\t<\/section>\n\t\t\t\t<section class=\"elementor-section elementor-top-section elementor-element elementor-element-4000343 elementor-section-boxed elementor-section-height-default elementor-section-height-default\" data-id=\"4000343\" data-element_type=\"section\">\n\t\t\t\t\t\t<div class=\"elementor-container elementor-column-gap-default\">\n\t\t\t\t\t<div class=\"elementor-column elementor-col-50 elementor-top-column elementor-element elementor-element-4e4b94a\" data-id=\"4e4b94a\" data-element_type=\"column\">\n\t\t\t<div class=\"elementor-widget-wrap elementor-element-populated\">\n\t\t\t\t\t\t<div class=\"elementor-element elementor-element-9e2482b elementor-widget elementor-widget-image\" data-id=\"9e2482b\" data-element_type=\"widget\" data-widget_type=\"image.default\">\n\t\t\t\t<div class=\"elementor-widget-container\">\n\t\t\t\t\t\t\t\t\t\t\t\t\t\t\t<img fetchpriority=\"high\" decoding=\"async\" width=\"819\" height=\"1024\" src=\"https:\/\/pracasunidos.com.br\/novosite\/wp-content\/uploads\/2025\/02\/WhatsApp-Image-2025-02-05-at-07.55.00-819x1024.jpeg\" class=\"attachment-large size-large wp-image-1040\" alt=\"\" srcset=\"https:\/\/pracasunidos.com.br\/novosite\/wp-content\/uploads\/2025\/02\/WhatsApp-Image-2025-02-05-at-07.55.00-819x1024.jpeg 819w, https:\/\/pracasunidos.com.br\/novosite\/wp-content\/uploads\/2025\/02\/WhatsApp-Image-2025-02-05-at-07.55.00-240x300.jpeg 240w, https:\/\/pracasunidos.com.br\/novosite\/wp-content\/uploads\/2025\/02\/WhatsApp-Image-2025-02-05-at-07.55.00-768x960.jpeg 768w, https:\/\/pracasunidos.com.br\/novosite\/wp-content\/uploads\/2025\/02\/WhatsApp-Image-2025-02-05-at-07.55.00-600x750.jpeg 600w, https:\/\/pracasunidos.com.br\/novosite\/wp-content\/uploads\/2025\/02\/WhatsApp-Image-2025-02-05-at-07.55.00.jpeg 1080w\" sizes=\"(max-width: 819px) 100vw, 819px\" \/>\t\t\t\t\t\t\t\t\t\t\t\t\t\t\t<\/div>\n\t\t\t\t<\/div>\n\t\t\t\t\t<\/div>\n\t\t<\/div>\n\t\t\t\t<div class=\"elementor-column elementor-col-50 elementor-top-column elementor-element elementor-element-a82b0cc\" data-id=\"a82b0cc\" data-element_type=\"column\">\n\t\t\t<div class=\"elementor-widget-wrap elementor-element-populated\">\n\t\t\t\t\t\t<div class=\"elementor-element elementor-element-6b91d6e elementor-widget elementor-widget-envo-extra-heading\" data-id=\"6b91d6e\" data-element_type=\"widget\" data-widget_type=\"envo-extra-heading.default\">\n\t\t\t\t<div class=\"elementor-widget-container\">\n\t\t\t\t\t\r\n\t\t<div class=\"envo-extra-heading-wrapper envo-extra-simple-heading-wrapper\">\r\n\t\t\t<h2 class=\"envo-extra-heading-title\">MOVING <\/h2>\t\t<\/div>\r\n\t\t\t\t\t\t<\/div>\n\t\t\t\t<\/div>\n\t\t\t\t<div class=\"elementor-element elementor-element-0f831fb elementor-widget elementor-widget-text-editor\" data-id=\"0f831fb\" data-element_type=\"widget\" data-widget_type=\"text-editor.default\">\n\t\t\t\t<div class=\"elementor-widget-container\">\n\t\t\t\t\t\t\t\t\t<p>A empresa Moving parceira dos Pra\u00e7as Unidos oferece desconto exclusivo para associados para realiza\u00e7\u00e3o de seguro veicular.<\/p>\t\t\t\t\t\t\t\t<\/div>\n\t\t\t\t<\/div>\n\t\t\t\t<div class=\"elementor-element elementor-element-6de77b90 elementor-icon-list--layout-traditional elementor-list-item-link-full_width elementor-widget elementor-widget-icon-list\" data-id=\"6de77b90\" data-element_type=\"widget\" data-widget_type=\"icon-list.default\">\n\t\t\t\t<div class=\"elementor-widget-container\">\n\t\t\t\t\t\t\t<ul class=\"elementor-icon-list-items\">\n\t\t\t\t\t\t\t<li class=\"elementor-icon-list-item\">\n\t\t\t\t\t\t\t\t\t\t\t<span class=\"elementor-icon-list-icon\">\n\t\t\t\t\t\t\t<i aria-hidden=\"true\" class=\"fab fa-whatsapp\"><\/i>\t\t\t\t\t\t<\/span>\n\t\t\t\t\t\t\t\t\t\t<span class=\"elementor-icon-list-text\">67 9 9964 0123<\/span>\n\t\t\t\t\t\t\t\t\t<\/li>\n\t\t\t\t\t\t<\/ul>\n\t\t\t\t\t\t<\/div>\n\t\t\t\t<\/div>\n\t\t\t\t\t<\/div>\n\t\t<\/div>\n\t\t\t\t\t<\/div>\n\t\t<\/section>\n\t\t\t\t<section class=\"elementor-section elementor-top-section elementor-element elementor-element-edcc180 elementor-section-boxed elementor-section-height-default elementor-section-height-default\" data-id=\"edcc180\" data-element_type=\"section\">\n\t\t\t\t\t\t<div class=\"elementor-container elementor-column-gap-default\">\n\t\t\t\t\t<div class=\"elementor-column elementor-col-100 elementor-top-column elementor-element elementor-element-d02bf13\" data-id=\"d02bf13\" data-element_type=\"column\">\n\t\t\t<div class=\"elementor-widget-wrap elementor-element-populated\">\n\t\t\t\t\t\t<div class=\"elementor-element elementor-element-937cd70 elementor-widget elementor-widget-spacer\" data-id=\"937cd70\" data-element_type=\"widget\" data-widget_type=\"spacer.default\">\n\t\t\t\t<div class=\"elementor-widget-container\">\n\t\t\t\t\t\t\t<div class=\"elementor-spacer\">\n\t\t\t<div class=\"elementor-spacer-inner\"><\/div>\n\t\t<\/div>\n\t\t\t\t\t\t<\/div>\n\t\t\t\t<\/div>\n\t\t\t\t\t<\/div>\n\t\t<\/div>\n\t\t\t\t\t<\/div>\n\t\t<\/section>\n\t\t\t\t<\/div>\n\t\t","protected":false},"excerpt":{"rendered":"<p>PARCERIA MOVING A empresa Moving parceira dos Pra\u00e7as Unidos oferece desconto exclusivo para associados para realiza\u00e7\u00e3o de seguro veicular. 67 9 9964 0123<\/p>\n","protected":false},"author":1,"featured_media":0,"parent":0,"menu_order":0,"comment_status":"closed","ping_status":"closed","template":"elementor_canvas","meta":{"_monsterinsights_skip_tracking":false,"_monsterinsights_sitenote_active":false,"_monsterinsights_sitenote_note":"","_monsterinsights_sitenote_category":0,"footnotes":""},"class_list":["post-1037","page","type-page","status-publish","hentry"],"aioseo_notices":[],"_links":{"self":[{"href":"https:\/\/pracasunidos.com.br\/novosite\/wp-json\/wp\/v2\/pages\/1037","targetHints":{"allow":["GET"]}}],"collection":[{"href":"https:\/\/pracasunidos.com.br\/novosite\/wp-json\/wp\/v2\/pages"}],"about":[{"href":"https:\/\/pracasunidos.com.br\/novosite\/wp-json\/wp\/v2\/types\/page"}],"author":[{"embeddable":true,"href":"https:\/\/pracasunidos.com.br\/novosite\/wp-json\/wp\/v2\/users\/1"}],"replies":[{"embeddable":true,"href":"https:\/\/pracasunidos.com.br\/novosite\/wp-json\/wp\/v2\/comments?post=1037"}],"version-history":[{"count":10,"href":"https:\/\/pracasunidos.com.br\/novosite\/wp-json\/wp\/v2\/pages\/1037\/revisions"}],"predecessor-version":[{"id":1068,"href":"https:\/\/pracasunidos.com.br\/novosite\/wp-json\/wp\/v2\/pages\/1037\/revisions\/1068"}],"wp:attachment":[{"href":"https:\/\/pracasunidos.com.br\/novosite\/wp-json\/wp\/v2\/media?parent=1037"}],"curies":[{"name":"wp","href":"https:\/\/api.w.org\/{rel}","templated":true}]}}